{"id":46,"date":"2024-07-25T08:16:06","date_gmt":"2024-07-25T08:16:06","guid":{"rendered":"https:\/\/zubry.hmcloud.pl\/piotrek13\/?page_id=46"},"modified":"2025-01-06T10:51:49","modified_gmt":"2025-01-06T10:51:49","slug":"dzialalnosc-ztp","status":"publish","type":"page","link":"https:\/\/bisonlife13.zubry.org\/?page_id=46","title":{"rendered":"DZIA\u0141ALNO\u015a\u0106 ZTP"},"content":{"rendered":"\n<p>Zachodniopomorskie Towarzystwo Przyrodnicze (ZTP) jest organizacj\u0105 pozarz\u0105dow\u0105 po\u017cytku publicznego dzia\u0142aj\u0105c\u0105 na rzecz przyrody regionu od 1994 roku\u00a0(do marca 2006 r. pod nazw\u0105 Zachodniopomorskiego Towarzystwa Ornitologicznego). W 2005 roku wyodr\u0119bniono z niej grup\u0119 robocz\u0105 pod nazw\u0105 \u017bubry Zachodniopomorskie. Od tego czasu zajmujemy si\u0119 ochron\u0105 i monitoringiem ca\u0142ej populacji wolnych \u017cubr\u00f3w \u017cyj\u0105cych w naszym wojew\u00f3dztwie.<\/p>\n","protected":false},"excerpt":{"rendered":"<p>Zachodniopomorskie Towarzystwo Przyrodnicze (ZTP) jest organizacj\u0105 pozarz\u0105dow\u0105 po\u017cytku publicznego dzia\u0142aj\u0105c\u0105 na rzecz przyrody regionu od 1994 roku\u00a0(do marca 2006 r. pod nazw\u0105 Zachodniopomorskiego Towarzystwa Ornitologicznego). W 2005 roku wyodr\u0119bniono z niej grup\u0119 robocz\u0105 pod nazw\u0105 \u017bubry Zachodniopomorskie. Od tego czasu zajmujemy si\u0119 ochron\u0105 i monitoringiem ca\u0142ej populacji wolnych \u017cubr\u00f3w \u017cyj\u0105cych w naszym wojew\u00f3dztwie.<\/p>\n","protected":false},"author":1,"featured_media":0,"parent":0,"menu_order":0,"comment_status":"closed","ping_status":"closed","template":"","meta":{"_uag_custom_page_level_css":"","footnotes":""},"class_list":["post-46","page","type-page","status-publish","hentry"],"uagb_featured_image_src":{"full":false,"thumbnail":false,"medium":false,"medium_large":false,"large":false,"1536x1536":false,"2048x2048":false,"rpwe-thumbnail":false},"uagb_author_info":{"display_name":"admin","author_link":"https:\/\/bisonlife13.zubry.org\/?author=1"},"uagb_comment_info":0,"uagb_excerpt":"Zachodniopomorskie Towarzystwo Przyrodnicze (ZTP) jest organizacj\u0105 pozarz\u0105dow\u0105 po\u017cytku publicznego dzia\u0142aj\u0105c\u0105 na rzecz przyrody regionu od 1994 roku\u00a0(do marca 2006 r. pod nazw\u0105 Zachodniopomorskiego Towarzystwa Ornitologicznego). W 2005 roku wyodr\u0119bniono z niej grup\u0119 robocz\u0105 pod nazw\u0105 \u017bubry Zachodniopomorskie. Od tego czasu zajmujemy si\u0119 ochron\u0105 i monitoringiem ca\u0142ej populacji wolnych \u017cubr\u00f3w \u017cyj\u0105cych w naszym wojew\u00f3dztwie.","_links":{"self":[{"href":"https:\/\/bisonlife13.zubry.org\/index.php?rest_route=\/wp\/v2\/pages\/46","targetHints":{"allow":["GET"]}}],"collection":[{"href":"https:\/\/bisonlife13.zubry.org\/index.php?rest_route=\/wp\/v2\/pages"}],"about":[{"href":"https:\/\/bisonlife13.zubry.org\/index.php?rest_route=\/wp\/v2\/types\/page"}],"author":[{"embeddable":true,"href":"https:\/\/bisonlife13.zubry.org\/index.php?rest_route=\/wp\/v2\/users\/1"}],"replies":[{"embeddable":true,"href":"https:\/\/bisonlife13.zubry.org\/index.php?rest_route=%2Fwp%2Fv2%2Fcomments&post=46"}],"version-history":[{"count":2,"href":"https:\/\/bisonlife13.zubry.org\/index.php?rest_route=\/wp\/v2\/pages\/46\/revisions"}],"predecessor-version":[{"id":332,"href":"https:\/\/bisonlife13.zubry.org\/index.php?rest_route=\/wp\/v2\/pages\/46\/revisions\/332"}],"wp:attachment":[{"href":"https:\/\/bisonlife13.zubry.org\/index.php?rest_route=%2Fwp%2Fv2%2Fmedia&parent=46"}],"curies":[{"name":"wp","href":"https:\/\/api.w.org\/{rel}","templated":true}]}}