{"id":386,"date":"2025-01-08T18:43:00","date_gmt":"2025-01-08T18:43:00","guid":{"rendered":"https:\/\/bisonlife13.zubry.org\/?page_id=386"},"modified":"2026-04-15T08:33:11","modified_gmt":"2026-04-15T08:33:11","slug":"projekt-fenx","status":"publish","type":"page","link":"https:\/\/bisonlife13.zubry.org\/?page_id=386","title":{"rendered":"Projekt FENX"},"content":{"rendered":"\n<p>Projekt nr FENX.01.05-IW.01-0010\/24 pn.: \u201eRozw\u00f3j populacji \u017cubr\u00f3w na Pomorzu Zachodnim w zgodzie z lokalnymi spo\u0142eczno\u015bciami\u201d wsp\u00f3\u0142finansowany jest w ramach dzia\u0142ania FENX.01.05. Ochrona przyrody i rozw\u00f3j zielonej infrastruktury, priorytetu FENX.01 Wsparcie sektor\u00f3w energetyka i \u015brodowisko z Funduszu Sp\u00f3jno\u015bci programu Fundusze Europejskie na Infrastruktur\u0119, Klimat, \u015arodowisko 2021-2027.&nbsp;<\/p>\n\n\n\n<p>G\u0142\u00f3wnym celem projektu jest utrzymanie wysokiego poziomu akceptacji spo\u0142ecznej dla wolno \u017cyj\u0105cych \u017cubr\u00f3w przy sta\u0142ym wzro\u015bcie populacji w okresie projektu do co najmniej 500 osobnik\u00f3w.&nbsp;<\/p>\n\n\n\n<p>Projekt zak\u0142ada nast\u0119puj\u0105ce dzia\u0142ania:&nbsp;<\/p>\n\n\n\n<p>1. Minimalizacja szk\u00f3d ekonomicznych powodowanych przez \u017cubry poprzez zorganizowanie zimowego n\u0119cenia i przep\u0142aszanie zwierz\u0105t z p\u00f3l uprawnych. Utworzenie Zespo\u0142u Terenowego jako wysoko wykwalifikowanej grupy, kt\u00f3ra b\u0119dzie prowadzi\u0107 dzia\u0142ania z \u017cubrami, odpowiadaj\u0105c na potrzeby spo\u0142eczno\u015bci lokalnych.&nbsp;<\/p>\n\n\n\n<p>2. Optymalizacja struktury przestrzennej populacji, utrzymanie niskiego zag\u0119szczenia \u017cubr\u00f3w; zwi\u0119kszenie liczebno\u015bci stad o co najmniej 10% oraz utrzymanie zag\u0119szczenia \u017cubr\u00f3w poni\u017cej 3 osobnik\u00f3w\/1000 ha.&nbsp;<\/p>\n\n\n\n<p>3. Utrzymanie co najmniej 15% osobnik\u00f3w monitorowanych za pomoc\u0105 obro\u017cy telemetrycznych w populacji, planowanie i realizacja zada\u0144 projektowych w oparciu o ci\u0105g\u0142\u0105 analiz\u0119 danych telemetrycznych.&nbsp;<\/p>\n\n\n\n<p>4. Utrzymanie populacji w dobrym zdrowiu poprzez sta\u0142e monitorowanie stanu zdrowia.&nbsp;<\/p>\n\n\n\n<p>5. \u015acis\u0142a wsp\u00f3\u0142praca z lokalnymi spo\u0142eczno\u015bciami Polski w celu zbudowania i utrzymania wysokiego poziomu akceptacji spo\u0142ecznej dla \u017cubr\u00f3w. Prowadzenie warsztat\u00f3w zwi\u0119kszaj\u0105cych bezpiecze\u0144stwo relacji \u017cubr &#8211; cz\u0142owiek.&nbsp;<\/p>\n\n\n\n<p>Okres realizacji Projektu: pa\u017adziernik 2024 \u2013 grudzie\u0144 2029&nbsp;<\/p>\n\n\n\n<p>Warto\u015b\u0107 ca\u0142kowita Projektu: 8 840 535,00 PLN&nbsp;<\/p>\n\n\n\n<p>Wysoko\u015b\u0107 dofinansowania: 85% &#8211; 7 514 454,75 PLN&nbsp;<\/p>\n\n\n\n<figure class=\"wp-block-image size-large\"><img loading=\"lazy\" decoding=\"async\" width=\"1024\" height=\"146\" src=\"https:\/\/bisonlife13.zubry.org\/wp-content\/uploads\/2026\/04\/proj-1024x146.png\" alt=\"\" class=\"wp-image-686\" srcset=\"https:\/\/bisonlife13.zubry.org\/wp-content\/uploads\/2026\/04\/proj-1024x146.png 1024w, https:\/\/bisonlife13.zubry.org\/wp-content\/uploads\/2026\/04\/proj-300x43.png 300w, https:\/\/bisonlife13.zubry.org\/wp-content\/uploads\/2026\/04\/proj-768x110.png 768w, https:\/\/bisonlife13.zubry.org\/wp-content\/uploads\/2026\/04\/proj-1536x219.png 1536w, https:\/\/bisonlife13.zubry.org\/wp-content\/uploads\/2026\/04\/proj-2048x292.png 2048w\" sizes=\"(max-width: 1024px) 100vw, 1024px\" \/><\/figure>\n\n\n\n<p>#FunduszeUE #FunduszeEuropejskie&nbsp;<\/p>\n","protected":false},"excerpt":{"rendered":"<p>Projekt nr FENX.01.05-IW.01-0010\/24 pn.: \u201eRozw\u00f3j populacji \u017cubr\u00f3w na Pomorzu Zachodnim w zgodzie z lokalnymi spo\u0142eczno\u015bciami\u201d wsp\u00f3\u0142finansowany jest w ramach dzia\u0142ania FENX.01.05. Ochrona przyrody i rozw\u00f3j zielonej infrastruktury, priorytetu FENX.01 Wsparcie sektor\u00f3w energetyka i \u015brodowisko z Funduszu Sp\u00f3jno\u015bci programu Fundusze Europejskie na Infrastruktur\u0119, Klimat, \u015arodowisko 2021-2027.&nbsp; G\u0142\u00f3wnym celem projektu jest utrzymanie wysokiego poziomu akceptacji spo\u0142ecznej dla [&hellip;]<\/p>\n","protected":false},"author":1,"featured_media":0,"parent":0,"menu_order":0,"comment_status":"closed","ping_status":"closed","template":"","meta":{"_uag_custom_page_level_css":"","footnotes":""},"class_list":["post-386","page","type-page","status-publish","hentry"],"uagb_featured_image_src":{"full":false,"thumbnail":false,"medium":false,"medium_large":false,"large":false,"1536x1536":false,"2048x2048":false,"rpwe-thumbnail":false},"uagb_author_info":{"display_name":"admin","author_link":"https:\/\/bisonlife13.zubry.org\/?author=1"},"uagb_comment_info":0,"uagb_excerpt":"Projekt nr FENX.01.05-IW.01-0010\/24 pn.: \u201eRozw\u00f3j populacji \u017cubr\u00f3w na Pomorzu Zachodnim w zgodzie z lokalnymi spo\u0142eczno\u015bciami\u201d wsp\u00f3\u0142finansowany jest w ramach dzia\u0142ania FENX.01.05. Ochrona przyrody i rozw\u00f3j zielonej infrastruktury, priorytetu FENX.01 Wsparcie sektor\u00f3w energetyka i \u015brodowisko z Funduszu Sp\u00f3jno\u015bci programu Fundusze Europejskie na Infrastruktur\u0119, Klimat, \u015arodowisko 2021-2027.&nbsp; G\u0142\u00f3wnym celem projektu jest utrzymanie wysokiego poziomu akceptacji spo\u0142ecznej dla&hellip;","_links":{"self":[{"href":"https:\/\/bisonlife13.zubry.org\/index.php?rest_route=\/wp\/v2\/pages\/386","targetHints":{"allow":["GET"]}}],"collection":[{"href":"https:\/\/bisonlife13.zubry.org\/index.php?rest_route=\/wp\/v2\/pages"}],"about":[{"href":"https:\/\/bisonlife13.zubry.org\/index.php?rest_route=\/wp\/v2\/types\/page"}],"author":[{"embeddable":true,"href":"https:\/\/bisonlife13.zubry.org\/index.php?rest_route=\/wp\/v2\/users\/1"}],"replies":[{"embeddable":true,"href":"https:\/\/bisonlife13.zubry.org\/index.php?rest_route=%2Fwp%2Fv2%2Fcomments&post=386"}],"version-history":[{"count":5,"href":"https:\/\/bisonlife13.zubry.org\/index.php?rest_route=\/wp\/v2\/pages\/386\/revisions"}],"predecessor-version":[{"id":687,"href":"https:\/\/bisonlife13.zubry.org\/index.php?rest_route=\/wp\/v2\/pages\/386\/revisions\/687"}],"wp:attachment":[{"href":"https:\/\/bisonlife13.zubry.org\/index.php?rest_route=%2Fwp%2Fv2%2Fmedia&parent=386"}],"curies":[{"name":"wp","href":"https:\/\/api.w.org\/{rel}","templated":true}]}}