{"id":110,"date":"2024-07-25T08:57:15","date_gmt":"2024-07-25T08:57:15","guid":{"rendered":"https:\/\/zubry.hmcloud.pl\/piotrek13\/?page_id=110"},"modified":"2026-03-30T13:43:12","modified_gmt":"2026-03-30T13:43:12","slug":"dokumenty","status":"publish","type":"page","link":"https:\/\/bisonlife13.zubry.org\/?page_id=110","title":{"rendered":"Dokumenty"},"content":{"rendered":"\n<div class=\"wp-block-file\"><a id=\"wp-block-file--media-b2c04aaa-e92a-481a-870f-c5b2e01636e4\" href=\"https:\/\/bisonlife13.zubry.org\/wp-content\/uploads\/2026\/03\/Liczebnosc-stad-zubrow-w-polnocno-zachodniej-Polsce-stan-na-31-12-2025.pdf\" target=\"_blank\" rel=\"noreferrer noopener\">Liczebno\u015b\u0107 stad \u017cubr\u00f3w w p\u00f3\u0142nocno-zachodniej Polsce &#8211; stan na 31-12-2025<\/a><\/div>\n","protected":false},"excerpt":{"rendered":"","protected":false},"author":1,"featured_media":0,"parent":0,"menu_order":0,"comment_status":"closed","ping_status":"closed","template":"","meta":{"_uag_custom_page_level_css":"","footnotes":""},"class_list":["post-110","page","type-page","status-publish","hentry"],"uagb_featured_image_src":{"full":false,"thumbnail":false,"medium":false,"medium_large":false,"large":false,"1536x1536":false,"2048x2048":false,"rpwe-thumbnail":false},"uagb_author_info":{"display_name":"admin","author_link":"https:\/\/bisonlife13.zubry.org\/?author=1"},"uagb_comment_info":0,"uagb_excerpt":null,"_links":{"self":[{"href":"https:\/\/bisonlife13.zubry.org\/index.php?rest_route=\/wp\/v2\/pages\/110","targetHints":{"allow":["GET"]}}],"collection":[{"href":"https:\/\/bisonlife13.zubry.org\/index.php?rest_route=\/wp\/v2\/pages"}],"about":[{"href":"https:\/\/bisonlife13.zubry.org\/index.php?rest_route=\/wp\/v2\/types\/page"}],"author":[{"embeddable":true,"href":"https:\/\/bisonlife13.zubry.org\/index.php?rest_route=\/wp\/v2\/users\/1"}],"replies":[{"embeddable":true,"href":"https:\/\/bisonlife13.zubry.org\/index.php?rest_route=%2Fwp%2Fv2%2Fcomments&post=110"}],"version-history":[{"count":4,"href":"https:\/\/bisonlife13.zubry.org\/index.php?rest_route=\/wp\/v2\/pages\/110\/revisions"}],"predecessor-version":[{"id":667,"href":"https:\/\/bisonlife13.zubry.org\/index.php?rest_route=\/wp\/v2\/pages\/110\/revisions\/667"}],"wp:attachment":[{"href":"https:\/\/bisonlife13.zubry.org\/index.php?rest_route=%2Fwp%2Fv2%2Fmedia&parent=110"}],"curies":[{"name":"wp","href":"https:\/\/api.w.org\/{rel}","templated":true}]}}