{"id":109,"date":"2024-07-25T08:57:15","date_gmt":"2024-07-25T08:57:15","guid":{"rendered":"https:\/\/zubry.hmcloud.pl\/piotrek13\/?page_id=109"},"modified":"2025-01-09T18:43:42","modified_gmt":"2025-01-09T18:43:42","slug":"rozstrzygniecia","status":"publish","type":"page","link":"https:\/\/bisonlife13.zubry.org\/?page_id=109","title":{"rendered":"Rozstrzygni\u0119cia"},"content":{"rendered":"\t\t\t<div class = \"\n\t\t\twp-block-uagb-post-timeline uagb-timeline__outer-wrap uagb-block-6989c10a    uagb-timeline__arrow-center uagb-timeline__left-block uagb_timeline__cta-enable uagb-timeline uagb-timeline__content-wrap\t\t\tuagb-timeline__arrow-center uagb-timeline__left-block uagb_timeline__cta-enable uagb-timeline uagb-timeline__content-wrap\t\t\t\"\n\t\t\tstyle=\"\" >\n\t\t\t\t\t\t\t\t\t\t\t<article class = \"uagb-timeline__field  uagb-timeline__left\">\n\t\t\t\t\t\t\t\t<div class = \"uagb-timeline__marker uagb-timeline__out-view-icon\" >\n\t\t\t\t<span class = \"uagb-timeline__icon-new uagb-timeline__out-view-icon\" ><\/span>\n\t\t\t<\/div>\n\t\t\t\t\t\t\t\t<div class = \"uagb-timeline__day-new uagb-timeline__day-left uagb-timeline__events-inner-new\" >\n\t\t\t\t\t\t<div class=\"uagb-timeline__events-inner--content\">\n\t\t\t\t\t\t\t\t\t\t\t<div datetime=\"2026-01-29T10:13:20+00:00\" class=\"uagb-timeline__date-hide uagb-timeline__inner-date-new\">\n\t\t\t\t29 stycznia, 2026\t\t\t<\/div>\n\t\t\t\t\t\t\t\t\t\t\t\t\t\t\t\t\t\t\t\t\t\t\t\t\t\t<h3 class=\"uagb-timeline__heading\" >\n\t\t\t\t\t<a href=\"https:\/\/bisonlife13.zubry.org\/?p=654\" target=\"_self\" rel=\"noopener noreferrer\">Zawiadomienie o wyborze najkorzystniejszej oferty w zapytaniu ofertowym nr 15\/Z\/2026 zgodnie z zasad\u0105 konkurencyjno\u015bci  na dostarczenie 3000 L ulepszonego oleju nap\u0119dowego zimowego eurodiesel<\/a>\n\t\t\t\t<\/h3>\n\t\t\t\t\t\t\t\t\t\t\t<span class=\"dashicons-admin-users dashicons\"><\/span>\n\t\t\t\t<a class=\"uagb-timeline__author-link\" href=\"https:\/\/bisonlife13.zubry.org\/?author=1\">admin<\/a>\n\t\t\t\t\t\t\t<div class=\"uagb-timeline-desc-content\">\n\t\t\t\t<p>Zachodniopomorskie Towarzystwo Przyrodnicze uprzejmie informuje o wyborze najkorzystniejszej oferty w post\u0119powaniu nr 15\/Z\/2026 zgodnie z zasad\u0105 konkurencyjno\u015bci na dostarczenie 3000 L ulepszonego oleju nap\u0119dowego zimowego eurodiesel Liczba z\u0142o\u017conych ofert: 12. Wykluczono: 0 wykonawc\u00f3w3. Odrzucono: 0 ofert4. Wybrany wykonawca: ENERPOL GROUP sp. z o.o. ul. Rymarska 10, 70-702 Szczecin 5. Uzasadnienie&#8230;\t\t\t<\/div>\n\t\t\t\t\t\t<div class=\"uagb-timeline__link_parent wp-block-button\">\n\t\t\t\t<a class=\"uagb-timeline__link wp-block-button__link\" style=\"\" href=\"https:\/\/bisonlife13.zubry.org\/?p=654\" target=\"_self\" rel=\" noopener noreferrer\">Czytaj wi\u0119cej<\/a>\n\t\t\t<\/div>\n\t\t\t\t\t\t\t\t\t\t\t<div class = \"uagb-timeline__arrow\"><\/div>\n\t\t\t\t\t\t<\/div>\n\t\t\t\t\t<\/div>\n\t\t\t\t\t\t\t\t<\/article>\n\t\t\t\t\t\t<article class = \"uagb-timeline__field  uagb-timeline__left\">\n\t\t\t\t\t\t\t\t<div class = \"uagb-timeline__marker uagb-timeline__out-view-icon\" >\n\t\t\t\t<span class = \"uagb-timeline__icon-new uagb-timeline__out-view-icon\" ><\/span>\n\t\t\t<\/div>\n\t\t\t\t\t\t\t\t<div class = \"uagb-timeline__day-new uagb-timeline__day-left uagb-timeline__events-inner-new\" >\n\t\t\t\t\t\t<div class=\"uagb-timeline__events-inner--content\">\n\t\t\t\t\t\t\t\t\t\t\t<div datetime=\"2025-11-14T10:06:05+00:00\" class=\"uagb-timeline__date-hide uagb-timeline__inner-date-new\">\n\t\t\t\t14 listopada, 2025\t\t\t<\/div>\n\t\t\t\t\t\t\t\t\t\t\t\t\t\t\t\t\t\t\t\t\t\t\t\t\t\t<h3 class=\"uagb-timeline__heading\" >\n\t\t\t\t\t<a href=\"https:\/\/bisonlife13.zubry.org\/?p=639\" target=\"_self\" rel=\"noopener noreferrer\">Zawiadomienie o wyborze najkorzystniejszej oferty w zapytaniu ofertowym nr 14\/Z\/2025 zgodnie z rozeznaniem rynku na dostaw\u0119 cz\u0119\u015bci i p\u0142yn\u00f3w eksploatacyjnych.<\/a>\n\t\t\t\t<\/h3>\n\t\t\t\t\t\t\t\t\t\t\t<span class=\"dashicons-admin-users dashicons\"><\/span>\n\t\t\t\t<a class=\"uagb-timeline__author-link\" href=\"https:\/\/bisonlife13.zubry.org\/?author=1\">admin<\/a>\n\t\t\t\t\t\t\t<div class=\"uagb-timeline-desc-content\">\n\t\t\t\t<p>Zachodniopomorskie Towarzystwo Przyrodnicze uprzejmie informuje o wyborze najkorzystniejszej oferty w post\u0119powaniu nr 14\/Z\/2025 zgodnie z rozeznaniem rynku na dostaw\u0119 cz\u0119\u015bci i p\u0142yn\u00f3w eksploatacyjnych. 1. Liczba z\u0142o\u017conych ofert: 12. Wykluczono: 0 wykonawc\u00f3w3. Odrzucono: 0 ofert4. Wybrany wykonawca: Inter-Vax sp. z o.o. 88-400 \u017bnin, ul. Dworcowa 29, Filia Wa\u0142cz, ul. Bydgoska 74,&#8230;\t\t\t<\/div>\n\t\t\t\t\t\t<div class=\"uagb-timeline__link_parent wp-block-button\">\n\t\t\t\t<a class=\"uagb-timeline__link wp-block-button__link\" style=\"\" href=\"https:\/\/bisonlife13.zubry.org\/?p=639\" target=\"_self\" rel=\" noopener noreferrer\">Czytaj wi\u0119cej<\/a>\n\t\t\t<\/div>\n\t\t\t\t\t\t\t\t\t\t\t<div class = \"uagb-timeline__arrow\"><\/div>\n\t\t\t\t\t\t<\/div>\n\t\t\t\t\t<\/div>\n\t\t\t\t\t\t\t\t<\/article>\n\t\t\t\t\t\t<article class = \"uagb-timeline__field  uagb-timeline__left\">\n\t\t\t\t\t\t\t\t<div class = \"uagb-timeline__marker uagb-timeline__out-view-icon\" >\n\t\t\t\t<span class = \"uagb-timeline__icon-new uagb-timeline__out-view-icon\" ><\/span>\n\t\t\t<\/div>\n\t\t\t\t\t\t\t\t<div class = \"uagb-timeline__day-new uagb-timeline__day-left uagb-timeline__events-inner-new\" >\n\t\t\t\t\t\t<div class=\"uagb-timeline__events-inner--content\">\n\t\t\t\t\t\t\t\t\t\t\t<div datetime=\"2025-10-14T07:40:03+00:00\" class=\"uagb-timeline__date-hide uagb-timeline__inner-date-new\">\n\t\t\t\t14 pa\u017adziernika, 2025\t\t\t<\/div>\n\t\t\t\t\t\t\t\t\t\t\t\t\t\t\t\t\t\t\t\t\t\t\t\t\t\t<h3 class=\"uagb-timeline__heading\" >\n\t\t\t\t\t<a href=\"https:\/\/bisonlife13.zubry.org\/?p=630\" target=\"_self\" rel=\"noopener noreferrer\">Zawiadomienie o wyborze najkorzystniejszej oferty w zapytaniu ofertowym nr 13\/Z\/2025 zgodnie z rozeznaniem rynku na napraw\u0119 przyczepy samochodowej.<\/a>\n\t\t\t\t<\/h3>\n\t\t\t\t\t\t\t\t\t\t\t<span class=\"dashicons-admin-users dashicons\"><\/span>\n\t\t\t\t<a class=\"uagb-timeline__author-link\" href=\"https:\/\/bisonlife13.zubry.org\/?author=1\">admin<\/a>\n\t\t\t\t\t\t\t<div class=\"uagb-timeline-desc-content\">\n\t\t\t\t<p>Zachodniopomorskie Towarzystwo Przyrodnicze uprzejmie informuje o wyborze najkorzystniejszej oferty w post\u0119powaniu nr 13\/Z\/2025 zgodnie z rozeznaniem rynku na napraw\u0119 przyczepy samochodowej. 1. Liczba z\u0142o\u017conych ofert: 12. Wykluczono: 0 wykonawc\u00f3w3. Odrzucono: 0 ofert4. Wybrany wykonawca: Auto Elektronika i Mechanika K-5 Kuncewicz Krzysztof, Marcinkowice 83, 78-640 Tuczno 5. Uzasadnienie wyboru: jedyna oferta,&#8230;\t\t\t<\/div>\n\t\t\t\t\t\t<div class=\"uagb-timeline__link_parent wp-block-button\">\n\t\t\t\t<a class=\"uagb-timeline__link wp-block-button__link\" style=\"\" href=\"https:\/\/bisonlife13.zubry.org\/?p=630\" target=\"_self\" rel=\" noopener noreferrer\">Czytaj wi\u0119cej<\/a>\n\t\t\t<\/div>\n\t\t\t\t\t\t\t\t\t\t\t<div class = \"uagb-timeline__arrow\"><\/div>\n\t\t\t\t\t\t<\/div>\n\t\t\t\t\t<\/div>\n\t\t\t\t\t\t\t\t<\/article>\n\t\t\t\t\t\t<article class = \"uagb-timeline__field  uagb-timeline__left\">\n\t\t\t\t\t\t\t\t<div class = \"uagb-timeline__marker uagb-timeline__out-view-icon\" >\n\t\t\t\t<span class = \"uagb-timeline__icon-new uagb-timeline__out-view-icon\" ><\/span>\n\t\t\t<\/div>\n\t\t\t\t\t\t\t\t<div class = \"uagb-timeline__day-new uagb-timeline__day-left uagb-timeline__events-inner-new\" >\n\t\t\t\t\t\t<div class=\"uagb-timeline__events-inner--content\">\n\t\t\t\t\t\t\t\t\t\t\t<div datetime=\"2025-10-02T09:43:03+00:00\" class=\"uagb-timeline__date-hide uagb-timeline__inner-date-new\">\n\t\t\t\t2 pa\u017adziernika, 2025\t\t\t<\/div>\n\t\t\t\t\t\t\t\t\t\t\t\t\t\t\t\t\t\t\t\t\t\t\t\t\t\t<h3 class=\"uagb-timeline__heading\" >\n\t\t\t\t\t<a href=\"https:\/\/bisonlife13.zubry.org\/?p=624\" target=\"_self\" rel=\"noopener noreferrer\">Zawiadomienie o wyborze najkorzystniejszej oferty w zapytaniu ofertowym nr 12\/Z\/2025 zgodnie z zasad\u0105 konkurencyjno\u015bci na zakup karmy dla \u017cubr\u00f3w.<\/a>\n\t\t\t\t<\/h3>\n\t\t\t\t\t\t\t\t\t\t\t<span class=\"dashicons-admin-users dashicons\"><\/span>\n\t\t\t\t<a class=\"uagb-timeline__author-link\" href=\"https:\/\/bisonlife13.zubry.org\/?author=1\">admin<\/a>\n\t\t\t\t\t\t\t<div class=\"uagb-timeline-desc-content\">\n\t\t\t\t<p>Zachodniopomorskie Towarzystwo Przyrodnicze uprzejmie informuje o wyborze najkorzystniejszej oferty w post\u0119powaniu nr 12\/Z\/2025 zgodnie z zasad\u0105 konkurencyjno\u015bci na zakup karmy dla \u017cubr\u00f3w. 1. Liczba z\u0142o\u017conych ofert: 12. Wykluczono: 0 wykonawc\u00f3w3. Odrzucono: 0 ofert4. Wybrany wykonawca: Mortis Sp. z o.o. ul. Z\u0142ocieniecka 23\/21, 78-500 Drawsko Pomorskie 5. Uzasadnienie wyboru: jedyna oferta,&#8230;\t\t\t<\/div>\n\t\t\t\t\t\t<div class=\"uagb-timeline__link_parent wp-block-button\">\n\t\t\t\t<a class=\"uagb-timeline__link wp-block-button__link\" style=\"\" href=\"https:\/\/bisonlife13.zubry.org\/?p=624\" target=\"_self\" rel=\" noopener noreferrer\">Czytaj wi\u0119cej<\/a>\n\t\t\t<\/div>\n\t\t\t\t\t\t\t\t\t\t\t<div class = \"uagb-timeline__arrow\"><\/div>\n\t\t\t\t\t\t<\/div>\n\t\t\t\t\t<\/div>\n\t\t\t\t\t\t\t\t<\/article>\n\t\t\t\t\t\t<article class = \"uagb-timeline__field  uagb-timeline__left\">\n\t\t\t\t\t\t\t\t<div class = \"uagb-timeline__marker uagb-timeline__out-view-icon\" >\n\t\t\t\t<span class = \"uagb-timeline__icon-new uagb-timeline__out-view-icon\" ><\/span>\n\t\t\t<\/div>\n\t\t\t\t\t\t\t\t<div class = \"uagb-timeline__day-new uagb-timeline__day-left uagb-timeline__events-inner-new\" >\n\t\t\t\t\t\t<div class=\"uagb-timeline__events-inner--content\">\n\t\t\t\t\t\t\t\t\t\t\t<div datetime=\"2025-07-08T11:21:57+00:00\" class=\"uagb-timeline__date-hide uagb-timeline__inner-date-new\">\n\t\t\t\t8 lipca, 2025\t\t\t<\/div>\n\t\t\t\t\t\t\t\t\t\t\t\t\t\t\t\t\t\t\t\t\t\t\t\t\t\t<h3 class=\"uagb-timeline__heading\" >\n\t\t\t\t\t<a href=\"https:\/\/bisonlife13.zubry.org\/?p=617\" target=\"_self\" rel=\"noopener noreferrer\">Zawiadomienie o wyborze najkorzystniejszej oferty w zapytaniu ofertowym nr 11\/Z\/2025 zgodnie z zasad\u0105 konkurencyjno\u015bci na serwisowanie i napraw\u0119 samochod\u00f3w s\u0142u\u017cbowych.<\/a>\n\t\t\t\t<\/h3>\n\t\t\t\t\t\t\t\t\t\t\t<span class=\"dashicons-admin-users dashicons\"><\/span>\n\t\t\t\t<a class=\"uagb-timeline__author-link\" href=\"https:\/\/bisonlife13.zubry.org\/?author=1\">admin<\/a>\n\t\t\t\t\t\t\t<div class=\"uagb-timeline-desc-content\">\n\t\t\t\t<p>Zachodniopomorskie Towarzystwo Przyrodnicze uprzejmie informuje o wyborze najkorzystniejszej oferty w post\u0119powaniu nr 11\/Z\/2025 zgodnie z zasad\u0105 konkurencyjno\u015bci na serwisowanie i napraw\u0119 samochod\u00f3w s\u0142u\u017cbowych. 1. Liczba z\u0142o\u017conych ofert: 12. Wykluczono: 0 wykonawc\u00f3w3. Odrzucono: 0 ofert4. Wybrany wykonawca: Auto Elektronika i Mechanika K-5 Kuncewicz Krzysztof, Marcinkowice 83, 78-640 Tuczno 5. Uzasadnienie wyboru:&#8230;\t\t\t<\/div>\n\t\t\t\t\t\t<div class=\"uagb-timeline__link_parent wp-block-button\">\n\t\t\t\t<a class=\"uagb-timeline__link wp-block-button__link\" style=\"\" href=\"https:\/\/bisonlife13.zubry.org\/?p=617\" target=\"_self\" rel=\" noopener noreferrer\">Czytaj wi\u0119cej<\/a>\n\t\t\t<\/div>\n\t\t\t\t\t\t\t\t\t\t\t<div class = \"uagb-timeline__arrow\"><\/div>\n\t\t\t\t\t\t<\/div>\n\t\t\t\t\t<\/div>\n\t\t\t\t\t\t\t\t<\/article>\n\t\t\t\t\t\t<article class = \"uagb-timeline__field  uagb-timeline__left\">\n\t\t\t\t\t\t\t\t<div class = \"uagb-timeline__marker uagb-timeline__out-view-icon\" >\n\t\t\t\t<span class = \"uagb-timeline__icon-new uagb-timeline__out-view-icon\" ><\/span>\n\t\t\t<\/div>\n\t\t\t\t\t\t\t\t<div class = \"uagb-timeline__day-new uagb-timeline__day-left uagb-timeline__events-inner-new\" >\n\t\t\t\t\t\t<div class=\"uagb-timeline__events-inner--content\">\n\t\t\t\t\t\t\t\t\t\t\t<div datetime=\"2025-07-03T09:39:26+00:00\" class=\"uagb-timeline__date-hide uagb-timeline__inner-date-new\">\n\t\t\t\t3 lipca, 2025\t\t\t<\/div>\n\t\t\t\t\t\t\t\t\t\t\t\t\t\t\t\t\t\t\t\t\t\t\t\t\t\t<h3 class=\"uagb-timeline__heading\" >\n\t\t\t\t\t<a href=\"https:\/\/bisonlife13.zubry.org\/?p=614\" target=\"_self\" rel=\"noopener noreferrer\">Zawiadomienie o wyborze najkorzystniejszej oferty w zapytaniu ofertowym nr 10\/Z\/2025 zgodnie z rozeznaniem rynku na zakup, dostaw\u0119, monta\u017c, uruchomienie fabrycznie nowego silosu zbo\u017cowego p\u0142askodennego.<\/a>\n\t\t\t\t<\/h3>\n\t\t\t\t\t\t\t\t\t\t\t<span class=\"dashicons-admin-users dashicons\"><\/span>\n\t\t\t\t<a class=\"uagb-timeline__author-link\" href=\"https:\/\/bisonlife13.zubry.org\/?author=1\">admin<\/a>\n\t\t\t\t\t\t\t<div class=\"uagb-timeline-desc-content\">\n\t\t\t\t<p>Zachodniopomorskie Towarzystwo Przyrodnicze uprzejmie informuje o wyborze najkorzystniejszej oferty w post\u0119powaniu nr 10\/Z\/2025 zgodnie z rozeznaniem rynku na zakup, dostaw\u0119, monta\u017c, uruchomienie fabrycznie nowego silosu zbo\u017cowego p\u0142askodennego. 1. Liczba z\u0142o\u017conych ofert: 12. Wykluczono: 0 wykonawc\u00f3w3. Odrzucono: 0 ofert4. Wybrany wykonawca: AGOS GROUP ul. S\u0142oneczna 24, 66-300 Mi\u0119dzyrzecz 5. Uzasadnienie wyboru:&#8230;\t\t\t<\/div>\n\t\t\t\t\t\t<div class=\"uagb-timeline__link_parent wp-block-button\">\n\t\t\t\t<a class=\"uagb-timeline__link wp-block-button__link\" style=\"\" href=\"https:\/\/bisonlife13.zubry.org\/?p=614\" target=\"_self\" rel=\" noopener noreferrer\">Czytaj wi\u0119cej<\/a>\n\t\t\t<\/div>\n\t\t\t\t\t\t\t\t\t\t\t<div class = \"uagb-timeline__arrow\"><\/div>\n\t\t\t\t\t\t<\/div>\n\t\t\t\t\t<\/div>\n\t\t\t\t\t\t\t\t<\/article>\n\t\t\t\t\t\t\t\t\t\t<div class = \"uagb-timeline__line\" >\n\t\t\t\t\t<div class = \"uagb-timeline__line__inner\"><\/div>\n\t\t\t\t<\/div>\n\t\t\t<\/div>\n\t\t\t","protected":false},"excerpt":{"rendered":"","protected":false},"author":1,"featured_media":0,"parent":0,"menu_order":0,"comment_status":"closed","ping_status":"closed","template":"","meta":{"_uag_custom_page_level_css":"","footnotes":""},"class_list":["post-109","page","type-page","status-publish","hentry"],"uagb_featured_image_src":{"full":false,"thumbnail":false,"medium":false,"medium_large":false,"large":false,"1536x1536":false,"2048x2048":false,"rpwe-thumbnail":false},"uagb_author_info":{"display_name":"admin","author_link":"https:\/\/bisonlife13.zubry.org\/?author=1"},"uagb_comment_info":0,"uagb_excerpt":null,"_links":{"self":[{"href":"https:\/\/bisonlife13.zubry.org\/index.php?rest_route=\/wp\/v2\/pages\/109","targetHints":{"allow":["GET"]}}],"collection":[{"href":"https:\/\/bisonlife13.zubry.org\/index.php?rest_route=\/wp\/v2\/pages"}],"about":[{"href":"https:\/\/bisonlife13.zubry.org\/index.php?rest_route=\/wp\/v2\/types\/page"}],"author":[{"embeddable":true,"href":"https:\/\/bisonlife13.zubry.org\/index.php?rest_route=\/wp\/v2\/users\/1"}],"replies":[{"embeddable":true,"href":"https:\/\/bisonlife13.zubry.org\/index.php?rest_route=%2Fwp%2Fv2%2Fcomments&post=109"}],"version-history":[{"count":3,"href":"https:\/\/bisonlife13.zubry.org\/index.php?rest_route=\/wp\/v2\/pages\/109\/revisions"}],"predecessor-version":[{"id":476,"href":"https:\/\/bisonlife13.zubry.org\/index.php?rest_route=\/wp\/v2\/pages\/109\/revisions\/476"}],"wp:attachment":[{"href":"https:\/\/bisonlife13.zubry.org\/index.php?rest_route=%2Fwp%2Fv2%2Fmedia&parent=109"}],"curies":[{"name":"wp","href":"https:\/\/api.w.org\/{rel}","templated":true}]}}