{"id":108,"date":"2024-07-25T08:57:15","date_gmt":"2024-07-25T08:57:15","guid":{"rendered":"https:\/\/zubry.hmcloud.pl\/piotrek13\/?page_id=108"},"modified":"2025-01-09T18:42:47","modified_gmt":"2025-01-09T18:42:47","slug":"ogloszenia","status":"publish","type":"page","link":"https:\/\/bisonlife13.zubry.org\/?page_id=108","title":{"rendered":"Og\u0142oszenia"},"content":{"rendered":"\t\t\t<div class = \"\n\t\t\twp-block-uagb-post-timeline uagb-timeline__outer-wrap uagb-block-6989c10a    uagb-timeline__arrow-center uagb-timeline__left-block uagb_timeline__cta-enable uagb-timeline uagb-timeline__content-wrap\t\t\tuagb-timeline__arrow-center uagb-timeline__left-block uagb_timeline__cta-enable uagb-timeline uagb-timeline__content-wrap\t\t\t\"\n\t\t\tstyle=\"\" >\n\t\t\t\t\t\t\t\t\t\t\t<article class = \"uagb-timeline__field  uagb-timeline__left\">\n\t\t\t\t\t\t\t\t<div class = \"uagb-timeline__marker uagb-timeline__out-view-icon\" >\n\t\t\t\t<span class = \"uagb-timeline__icon-new uagb-timeline__out-view-icon\" ><\/span>\n\t\t\t<\/div>\n\t\t\t\t\t\t\t\t<div class = \"uagb-timeline__day-new uagb-timeline__day-left uagb-timeline__events-inner-new\" >\n\t\t\t\t\t\t<div class=\"uagb-timeline__events-inner--content\">\n\t\t\t\t\t\t\t\t\t\t\t<div datetime=\"2026-01-20T11:20:59+00:00\" class=\"uagb-timeline__date-hide uagb-timeline__inner-date-new\">\n\t\t\t\t20 stycznia, 2026\t\t\t<\/div>\n\t\t\t\t\t\t\t\t\t\t\t\t\t\t\t\t\t\t\t\t\t\t\t\t\t\t<h3 class=\"uagb-timeline__heading\" >\n\t\t\t\t\t<a href=\"https:\/\/bisonlife13.zubry.org\/?p=649\" target=\"_self\" rel=\"noopener noreferrer\">Zapytanie ofertowe zgodnie z zasad\u0105 konkurencyjno\u015bci nr 15\/Z\/2026 na dostarczenie 3000 L ulepszonego oleju nap\u0119dowego zimowego eurodiesel<\/a>\n\t\t\t\t<\/h3>\n\t\t\t\t\t\t\t\t\t\t\t<span class=\"dashicons-admin-users dashicons\"><\/span>\n\t\t\t\t<a class=\"uagb-timeline__author-link\" href=\"https:\/\/bisonlife13.zubry.org\/?author=1\">admin<\/a>\n\t\t\t\t\t\t\t<div class=\"uagb-timeline-desc-content\">\n\t\t\t\t<p>Zachodniopomorskie Towarzystwo Przyrodnicze og\u0142asza zapytanie ofertowe nr 15\/Z\/2026 zgodnie z zasad\u0105 konkurencyjno\u015bci na dostarczenie 3000 L ulepszonego oleju nap\u0119dowego zimowego eurodiesel. Termin sk\u0142adania ofert: 28.01.2026 r. 15_Z_2026_paliwo zimowePobierz<\/p>\n\t\t\t<\/div>\n\t\t\t\t\t\t<div class=\"uagb-timeline__link_parent wp-block-button\">\n\t\t\t\t<a class=\"uagb-timeline__link wp-block-button__link\" style=\"\" href=\"https:\/\/bisonlife13.zubry.org\/?p=649\" target=\"_self\" rel=\" noopener noreferrer\">Czytaj wi\u0119cej<\/a>\n\t\t\t<\/div>\n\t\t\t\t\t\t\t\t\t\t\t<div class = \"uagb-timeline__arrow\"><\/div>\n\t\t\t\t\t\t<\/div>\n\t\t\t\t\t<\/div>\n\t\t\t\t\t\t\t\t<\/article>\n\t\t\t\t\t\t<article class = \"uagb-timeline__field  uagb-timeline__left\">\n\t\t\t\t\t\t\t\t<div class = \"uagb-timeline__marker uagb-timeline__out-view-icon\" >\n\t\t\t\t<span class = \"uagb-timeline__icon-new uagb-timeline__out-view-icon\" ><\/span>\n\t\t\t<\/div>\n\t\t\t\t\t\t\t\t<div class = \"uagb-timeline__day-new uagb-timeline__day-left uagb-timeline__events-inner-new\" >\n\t\t\t\t\t\t<div class=\"uagb-timeline__events-inner--content\">\n\t\t\t\t\t\t\t\t\t\t\t<div datetime=\"2025-11-06T10:31:09+00:00\" class=\"uagb-timeline__date-hide uagb-timeline__inner-date-new\">\n\t\t\t\t6 listopada, 2025\t\t\t<\/div>\n\t\t\t\t\t\t\t\t\t\t\t\t\t\t\t\t\t\t\t\t\t\t\t\t\t\t<h3 class=\"uagb-timeline__heading\" >\n\t\t\t\t\t<a href=\"https:\/\/bisonlife13.zubry.org\/?p=634\" target=\"_self\" rel=\"noopener noreferrer\">Zapytanie ofertowe zgodnie z rozeznaniem rynku nr 14\/Z\/2025 na dostaw\u0119 cz\u0119\u015bci i p\u0142yn\u00f3w eksploatacyjnych.<\/a>\n\t\t\t\t<\/h3>\n\t\t\t\t\t\t\t\t\t\t\t<span class=\"dashicons-admin-users dashicons\"><\/span>\n\t\t\t\t<a class=\"uagb-timeline__author-link\" href=\"https:\/\/bisonlife13.zubry.org\/?author=1\">admin<\/a>\n\t\t\t\t\t\t\t<div class=\"uagb-timeline-desc-content\">\n\t\t\t\t<p>Zachodniopomorskie Towarzystwo Przyrodnicze og\u0142asza zapytanie ofertowe nr 14\/Z\/2025 zgodnie z rozeznaniem rynku na dostaw\u0119 cz\u0119\u015bci i p\u0142yn\u00f3w eksploatacyjnych. Termin sk\u0142adania ofert: 13.11.2025 r. 14_Z_2025_cz\u0119\u015bci i p\u0142ynyPobierz<\/p>\n\t\t\t<\/div>\n\t\t\t\t\t\t<div class=\"uagb-timeline__link_parent wp-block-button\">\n\t\t\t\t<a class=\"uagb-timeline__link wp-block-button__link\" style=\"\" href=\"https:\/\/bisonlife13.zubry.org\/?p=634\" target=\"_self\" rel=\" noopener noreferrer\">Czytaj wi\u0119cej<\/a>\n\t\t\t<\/div>\n\t\t\t\t\t\t\t\t\t\t\t<div class = \"uagb-timeline__arrow\"><\/div>\n\t\t\t\t\t\t<\/div>\n\t\t\t\t\t<\/div>\n\t\t\t\t\t\t\t\t<\/article>\n\t\t\t\t\t\t<article class = \"uagb-timeline__field  uagb-timeline__left\">\n\t\t\t\t\t\t\t\t<div class = \"uagb-timeline__marker uagb-timeline__out-view-icon\" >\n\t\t\t\t<span class = \"uagb-timeline__icon-new uagb-timeline__out-view-icon\" ><\/span>\n\t\t\t<\/div>\n\t\t\t\t\t\t\t\t<div class = \"uagb-timeline__day-new uagb-timeline__day-left uagb-timeline__events-inner-new\" >\n\t\t\t\t\t\t<div class=\"uagb-timeline__events-inner--content\">\n\t\t\t\t\t\t\t\t\t\t\t<div datetime=\"2025-10-06T07:33:54+00:00\" class=\"uagb-timeline__date-hide uagb-timeline__inner-date-new\">\n\t\t\t\t6 pa\u017adziernika, 2025\t\t\t<\/div>\n\t\t\t\t\t\t\t\t\t\t\t\t\t\t\t\t\t\t\t\t\t\t\t\t\t\t<h3 class=\"uagb-timeline__heading\" >\n\t\t\t\t\t<a href=\"https:\/\/bisonlife13.zubry.org\/?p=627\" target=\"_self\" rel=\"noopener noreferrer\">Zapytanie ofertowe zgodnie z rozeznaniem rynku nr 13\/Z\/2025 na napraw\u0119 przyczepy samochodowej<\/a>\n\t\t\t\t<\/h3>\n\t\t\t\t\t\t\t\t\t\t\t<span class=\"dashicons-admin-users dashicons\"><\/span>\n\t\t\t\t<a class=\"uagb-timeline__author-link\" href=\"https:\/\/bisonlife13.zubry.org\/?author=1\">admin<\/a>\n\t\t\t\t\t\t\t<div class=\"uagb-timeline-desc-content\">\n\t\t\t\t<p>Zachodniopomorskie Towarzystwo Przyrodnicze og\u0142asza zapytanie ofertowe nr 13\/Z\/2025 zgodnie z rozeznaniem rynku na napraw\u0119 przyczepy samochodowej. Termin sk\u0142adania ofert: 13.10.2025 r. 13_Z_2025 Naprawa przyczepy G\u0142owaczPobierz<\/p>\n\t\t\t<\/div>\n\t\t\t\t\t\t<div class=\"uagb-timeline__link_parent wp-block-button\">\n\t\t\t\t<a class=\"uagb-timeline__link wp-block-button__link\" style=\"\" href=\"https:\/\/bisonlife13.zubry.org\/?p=627\" target=\"_self\" rel=\" noopener noreferrer\">Czytaj wi\u0119cej<\/a>\n\t\t\t<\/div>\n\t\t\t\t\t\t\t\t\t\t\t<div class = \"uagb-timeline__arrow\"><\/div>\n\t\t\t\t\t\t<\/div>\n\t\t\t\t\t<\/div>\n\t\t\t\t\t\t\t\t<\/article>\n\t\t\t\t\t\t<article class = \"uagb-timeline__field  uagb-timeline__left\">\n\t\t\t\t\t\t\t\t<div class = \"uagb-timeline__marker uagb-timeline__out-view-icon\" >\n\t\t\t\t<span class = \"uagb-timeline__icon-new uagb-timeline__out-view-icon\" ><\/span>\n\t\t\t<\/div>\n\t\t\t\t\t\t\t\t<div class = \"uagb-timeline__day-new uagb-timeline__day-left uagb-timeline__events-inner-new\" >\n\t\t\t\t\t\t<div class=\"uagb-timeline__events-inner--content\">\n\t\t\t\t\t\t\t\t\t\t\t<div datetime=\"2025-09-24T09:45:45+00:00\" class=\"uagb-timeline__date-hide uagb-timeline__inner-date-new\">\n\t\t\t\t24 wrze\u015bnia, 2025\t\t\t<\/div>\n\t\t\t\t\t\t\t\t\t\t\t\t\t\t\t\t\t\t\t\t\t\t\t\t\t\t<h3 class=\"uagb-timeline__heading\" >\n\t\t\t\t\t<a href=\"https:\/\/bisonlife13.zubry.org\/?p=620\" target=\"_self\" rel=\"noopener noreferrer\">Zapytanie ofertowe zgodnie z zasad\u0105 konkurencyjno\u015bci nr 12\/Z\/2025 na zakup karmy dla \u017cubr\u00f3w.<\/a>\n\t\t\t\t<\/h3>\n\t\t\t\t\t\t\t\t\t\t\t<span class=\"dashicons-admin-users dashicons\"><\/span>\n\t\t\t\t<a class=\"uagb-timeline__author-link\" href=\"https:\/\/bisonlife13.zubry.org\/?author=1\">admin<\/a>\n\t\t\t\t\t\t\t<div class=\"uagb-timeline-desc-content\">\n\t\t\t\t<p>Zachodniopomorskie Towarzystwo Przyrodnicze og\u0142asza zapytanie ofertowe nr 12\/Z\/2025 zgodnie z zasad\u0105 konkurencyjno\u015bci na zakup karmy dla \u017cubr\u00f3w. Termin sk\u0142adania ofert: 01.10.2025 r. 12_Z_2025_zakup karmy dla \u017cubr\u00f3w_2025-2026Pobierz<\/p>\n\t\t\t<\/div>\n\t\t\t\t\t\t<div class=\"uagb-timeline__link_parent wp-block-button\">\n\t\t\t\t<a class=\"uagb-timeline__link wp-block-button__link\" style=\"\" href=\"https:\/\/bisonlife13.zubry.org\/?p=620\" target=\"_self\" rel=\" noopener noreferrer\">Czytaj wi\u0119cej<\/a>\n\t\t\t<\/div>\n\t\t\t\t\t\t\t\t\t\t\t<div class = \"uagb-timeline__arrow\"><\/div>\n\t\t\t\t\t\t<\/div>\n\t\t\t\t\t<\/div>\n\t\t\t\t\t\t\t\t<\/article>\n\t\t\t\t\t\t<article class = \"uagb-timeline__field  uagb-timeline__left\">\n\t\t\t\t\t\t\t\t<div class = \"uagb-timeline__marker uagb-timeline__out-view-icon\" >\n\t\t\t\t<span class = \"uagb-timeline__icon-new uagb-timeline__out-view-icon\" ><\/span>\n\t\t\t<\/div>\n\t\t\t\t\t\t\t\t<div class = \"uagb-timeline__day-new uagb-timeline__day-left uagb-timeline__events-inner-new\" >\n\t\t\t\t\t\t<div class=\"uagb-timeline__events-inner--content\">\n\t\t\t\t\t\t\t\t\t\t\t<div datetime=\"2025-06-26T08:55:45+00:00\" class=\"uagb-timeline__date-hide uagb-timeline__inner-date-new\">\n\t\t\t\t26 czerwca, 2025\t\t\t<\/div>\n\t\t\t\t\t\t\t\t\t\t\t\t\t\t\t\t\t\t\t\t\t\t\t\t\t\t<h3 class=\"uagb-timeline__heading\" >\n\t\t\t\t\t<a href=\"https:\/\/bisonlife13.zubry.org\/?p=606\" target=\"_self\" rel=\"noopener noreferrer\">Zapytanie ofertowe zgodnie z zasad\u0105 konkurencyjno\u015bci nr 11\/Z\/2025 na serwisowanie i napraw\u0119 samochod\u00f3w s\u0142u\u017cbowych.<\/a>\n\t\t\t\t<\/h3>\n\t\t\t\t\t\t\t\t\t\t\t<span class=\"dashicons-admin-users dashicons\"><\/span>\n\t\t\t\t<a class=\"uagb-timeline__author-link\" href=\"https:\/\/bisonlife13.zubry.org\/?author=1\">admin<\/a>\n\t\t\t\t\t\t\t<div class=\"uagb-timeline-desc-content\">\n\t\t\t\t<p>Zachodniopomorskie Towarzystwo Przyrodnicze og\u0142asza zapytanie ofertowe nr 11\/Z\/2025 zgodnie z zasad\u0105 konkurencyjno\u015bci na serwisowanie i napraw\u0119 samochod\u00f3w s\u0142u\u017cbowych. Termin sk\u0142adania ofert: 03.07.2025 r. FENIKS NAPRAWA 2025Pobierz<\/p>\n\t\t\t<\/div>\n\t\t\t\t\t\t<div class=\"uagb-timeline__link_parent wp-block-button\">\n\t\t\t\t<a class=\"uagb-timeline__link wp-block-button__link\" style=\"\" href=\"https:\/\/bisonlife13.zubry.org\/?p=606\" target=\"_self\" rel=\" noopener noreferrer\">Czytaj wi\u0119cej<\/a>\n\t\t\t<\/div>\n\t\t\t\t\t\t\t\t\t\t\t<div class = \"uagb-timeline__arrow\"><\/div>\n\t\t\t\t\t\t<\/div>\n\t\t\t\t\t<\/div>\n\t\t\t\t\t\t\t\t<\/article>\n\t\t\t\t\t\t<article class = \"uagb-timeline__field  uagb-timeline__left\">\n\t\t\t\t\t\t\t\t<div class = \"uagb-timeline__marker uagb-timeline__out-view-icon\" >\n\t\t\t\t<span class = \"uagb-timeline__icon-new uagb-timeline__out-view-icon\" ><\/span>\n\t\t\t<\/div>\n\t\t\t\t\t\t\t\t<div class = \"uagb-timeline__day-new uagb-timeline__day-left uagb-timeline__events-inner-new\" >\n\t\t\t\t\t\t<div class=\"uagb-timeline__events-inner--content\">\n\t\t\t\t\t\t\t\t\t\t\t<div datetime=\"2025-06-25T12:27:16+00:00\" class=\"uagb-timeline__date-hide uagb-timeline__inner-date-new\">\n\t\t\t\t25 czerwca, 2025\t\t\t<\/div>\n\t\t\t\t\t\t\t\t\t\t\t\t\t\t\t\t\t\t\t\t\t\t\t\t\t\t<h3 class=\"uagb-timeline__heading\" >\n\t\t\t\t\t<a href=\"https:\/\/bisonlife13.zubry.org\/?p=598\" target=\"_self\" rel=\"noopener noreferrer\">Zapytanie ofertowe zgodnie z rozeznaniem rynku nr 10\/Z\/2025 na zakup, dostaw\u0119, monta\u017c, uruchomienie fabrycznie nowego silosu zbo\u017cowego p\u0142askodennego.<\/a>\n\t\t\t\t<\/h3>\n\t\t\t\t\t\t\t\t\t\t\t<span class=\"dashicons-admin-users dashicons\"><\/span>\n\t\t\t\t<a class=\"uagb-timeline__author-link\" href=\"https:\/\/bisonlife13.zubry.org\/?author=1\">admin<\/a>\n\t\t\t\t\t\t\t<div class=\"uagb-timeline-desc-content\">\n\t\t\t\t<p>Zachodniopomorskie Towarzystwo Przyrodnicze og\u0142asza zapytanie ofertowe nr 10\/Z\/2025 zgodnie z rozeznaniem rynku na zakup, dostaw\u0119, monta\u017c, uruchomienie fabrycznie nowego silosu zbo\u017cowego p\u0142askodennego. Termin sk\u0142adania ofert: 02.07.2025 r. 10_Z_2025_silosPobierz<\/p>\n\t\t\t<\/div>\n\t\t\t\t\t\t<div class=\"uagb-timeline__link_parent wp-block-button\">\n\t\t\t\t<a class=\"uagb-timeline__link wp-block-button__link\" style=\"\" href=\"https:\/\/bisonlife13.zubry.org\/?p=598\" target=\"_self\" rel=\" noopener noreferrer\">Czytaj wi\u0119cej<\/a>\n\t\t\t<\/div>\n\t\t\t\t\t\t\t\t\t\t\t<div class = \"uagb-timeline__arrow\"><\/div>\n\t\t\t\t\t\t<\/div>\n\t\t\t\t\t<\/div>\n\t\t\t\t\t\t\t\t<\/article>\n\t\t\t\t\t\t\t\t\t\t<div class = \"uagb-timeline__line\" >\n\t\t\t\t\t<div class = \"uagb-timeline__line__inner\"><\/div>\n\t\t\t\t<\/div>\n\t\t\t<\/div>\n\t\t\t","protected":false},"excerpt":{"rendered":"","protected":false},"author":1,"featured_media":0,"parent":0,"menu_order":0,"comment_status":"closed","ping_status":"closed","template":"","meta":{"_uag_custom_page_level_css":"","footnotes":""},"class_list":["post-108","page","type-page","status-publish","hentry"],"uagb_featured_image_src":{"full":false,"thumbnail":false,"medium":false,"medium_large":false,"large":false,"1536x1536":false,"2048x2048":false,"rpwe-thumbnail":false},"uagb_author_info":{"display_name":"admin","author_link":"https:\/\/bisonlife13.zubry.org\/?author=1"},"uagb_comment_info":0,"uagb_excerpt":null,"_links":{"self":[{"href":"https:\/\/bisonlife13.zubry.org\/index.php?rest_route=\/wp\/v2\/pages\/108","targetHints":{"allow":["GET"]}}],"collection":[{"href":"https:\/\/bisonlife13.zubry.org\/index.php?rest_route=\/wp\/v2\/pages"}],"about":[{"href":"https:\/\/bisonlife13.zubry.org\/index.php?rest_route=\/wp\/v2\/types\/page"}],"author":[{"embeddable":true,"href":"https:\/\/bisonlife13.zubry.org\/index.php?rest_route=\/wp\/v2\/users\/1"}],"replies":[{"embeddable":true,"href":"https:\/\/bisonlife13.zubry.org\/index.php?rest_route=%2Fwp%2Fv2%2Fcomments&post=108"}],"version-history":[{"count":5,"href":"https:\/\/bisonlife13.zubry.org\/index.php?rest_route=\/wp\/v2\/pages\/108\/revisions"}],"predecessor-version":[{"id":475,"href":"https:\/\/bisonlife13.zubry.org\/index.php?rest_route=\/wp\/v2\/pages\/108\/revisions\/475"}],"wp:attachment":[{"href":"https:\/\/bisonlife13.zubry.org\/index.php?rest_route=%2Fwp%2Fv2%2Fmedia&parent=108"}],"curies":[{"name":"wp","href":"https:\/\/api.w.org\/{rel}","templated":true}]}}